{"id":123,"date":"2026-03-01T01:38:50","date_gmt":"2026-03-01T01:38:50","guid":{"rendered":"https:\/\/trungtamtiemchungvcdv.com\/?page_id=123"},"modified":"2026-03-09T02:00:52","modified_gmt":"2026-03-09T02:00:52","slug":"trang-chu-2","status":"publish","type":"page","link":"https:\/\/trungtamtiemchungvcdv.com\/?page_id=123","title":{"rendered":"Vaccine"},"content":{"rendered":"\n\n\n<h1 style=\"text-align:center; color:#0d6efd; margin-bottom:10px;\">\nB\u1ea3ng Gi\u00e1 Vaccine Nha Trang M\u1edbi Nh\u1ea5t 2026\n<\/h1>\n\n<p style=\"text-align:center; max-width:800px; margin:auto; margin-bottom:40px;\">\nC\u1eadp nh\u1eadt b\u1ea3ng gi\u00e1 vaccine t\u1ea1i Trung T\u00e2m Ti\u00eam Ch\u1ee7ng VCDV Nha Trang. \nCam k\u1ebft v\u1eafc xin ch\u00ednh h\u00e3ng, b\u1ea3o qu\u1ea3n \u0111\u1ea1t chu\u1ea9n GSP. \nLi\u00ean h\u1ec7 \u0111\u1eb7t l\u1ecbch nhanh: <strong>0833.67.7879<\/strong>\n<\/p>\n\n\n\n<section class=\"bang-gia-vaccine\">\n<style>\n.bang-gia-vaccine {\n    padding: 40px 15px;\n    max-width: 1200px;\n    margin: auto;\n    font-family: Arial, sans-serif;\n}\n\n.bang-gia-vaccine h2 {\n    text-align: center;\n    font-size: 28px;\n    font-weight: 700;\n    margin-bottom: 30px;\n    color: #0b5ed7;\n}\n\n.vaccine-table {\n    width: 100%;\n    border-collapse: collapse;\n    overflow: hidden;\n    border-radius: 10px;\n}\n\n.vaccine-table th {\n    background: #2f6fd6;\n    color: #fff;\n    padding: 14px;\n    text-align: center;\n    font-weight: 600;\n    font-size: 15px;\n}\n\n.vaccine-table td {\n    padding: 12px;\n    border: 1px solid #d9e2f3;\n    font-size: 14px;\n}\n\n.vaccine-table td:nth-child(1),\n.vaccine-table td:nth-child(2) {\n    background: #f4f6f9;\n}\n\n.vaccine-table td:nth-child(3),\n.vaccine-table td:nth-child(4) {\n    background: #e8f0fe;\n}\n\n.vaccine-table td:nth-child(5) {\n    background: linear-gradient(90deg,#3a7bd5,#2f6fd6);\n    color: #fff;\n    font-weight: 600;\n    text-align: center;\n}\n\n.vaccine-table tr:hover {\n    background: #eef5ff;\n}\n\n@media (max-width: 768px) {\n    .vaccine-table {\n        font-size: 13px;\n    }\n}\n<\/style>\n\n<h2>B\u1ea2NG GI\u00c1 V\u1eaeC XIN T\u1ea0I NHA TRANG<\/h2>\n\n<table class=\"vaccine-table\">\n    <thead>\n        <tr>\n            <th>STT<\/th>\n            <th>Ph\u00f2ng b\u1ec7nh<\/th>\n            <th>T\u00ean v\u1eafc xin<\/th>\n            <th>Nh\u00e0 s\u1ea3n xu\u1ea5t<\/th>\n            <th>Li\u00ean h\u1ec7<\/th>\n        <\/tr>\n    <\/thead>\n    <tbody>\n        <tr>\n            <td>1<\/td>\n            <td>D\u1ea1i sau khi ch\u00f3, m\u00e8o c\u1eafn<\/td>\n            <td>Abhayrab<\/td>\n            <td>Human Biological Institute <\/td>\n            <td>0833.67.7879<\/td>\n        <\/tr>\n        <tr>\n            <td>2<\/td>\n            <td>Ph\u00f2ng 3 b\u1ec7nh : ho g\u00e0 &#8211;  b\u1ea1ch h\u1ea7u &#8211; u\u1ed1n v\u00e1n <\/td>\n            <td>Adacel<\/td>\n            <td>Sanofi Pasteur S.A &#8211; Ph\u00e1p<\/td>\n            <td>0833.67.7879<\/td>\n        <\/tr>\n        <tr>\n            <td>3<\/td>\n            <td>Ph\u00f2ng vi\u00eam gan A ( th\u01b0\u1eddng d\u00f9ng cho tr\u1ebb em )<\/td>\n            <td>Avaxim 80U<\/td>\n            <td>Sanofi Pasteur S.A &#8211; Ph\u00e1p<\/td>\n            <td>0833.67.7879<\/td>\n        <\/tr>\n        <tr>\n            <td>4<\/td>\n            <td>Ph\u00f2ng th\u1ee7y \u0111\u1eadu<\/td>\n            <td>BARYCELA inj<\/td>\n            <td>GC Biopharma corp<\/td>\n            <td>0833.67.7879<\/td>\n        <\/tr>\n        <tr>\n            <td>5<\/td>\n            <td>Ph\u00f2ng b\u1ec7nh lao th\u01b0\u1eddng ti\u00eam cho tr\u1ebb em <\/td>\n            <td>BCG<\/td>\n            <td>Vi\u1ec7n V\u1eafc xin Nha Trang<\/td>\n            <td>0833.67.7879<\/td>\n        <\/tr>\n        <tr>\n            <td>6<\/td>\n            <td>Ph\u00f2ng vi\u00eam m\u00e0ng n\u00e3o m\u00f4 c\u1ea7u nh\u00f3m B<\/td>\n            <td>Bexsero<\/td>\n            <td>GSK<\/td>\n            <td>0833.67.7879<\/td>\n        <\/tr>\n        <tr>\n            <td>7<\/td>\n            <td>Ph\u00f2ng b\u1ea1ch h\u1ea7u \u2013 ho g\u00e0 \u2013 u\u1ed1n v\u00e1n (nh\u1eafc l\u1ea1i cho tr\u1ebb l\u1edbn v\u00e0 ng\u01b0\u1eddi l\u1edbn)<\/td>\n            <td>Boostrix<\/td>\n            <td>Glaxo SmithKline Biologicals S.A &#8211; Belgium<\/td>\n            <td>0833.67.7879<\/td>\n        <\/tr>\n        <tr>\n            <td>8<\/td>\n            <td>Ph\u00f2ng HPV \u2192 g\u00e2y ung th\u01b0 c\u1ed5 t\u1eed cung, ung th\u01b0 h\u1eadu m\u00f4n, m\u1ee5n c\u00f3c sinh d\u1ee5c<\/td>\n            <td>Gardasil 9<\/td>\n            <td>MSD<\/td>\n            <td>0833.67.7879<\/td>\n        <\/tr>\n        <tr>\n            <td>9<\/td>\n            <td>Ph\u00f2ng c\u00fam m\u00f9a (4 ch\u1ee7ng virus c\u00fam)<\/td>\n            <td>GC FLU Quadrivalent<\/td>\n            <td>H\u00e0n Qu\u1ed1c<\/td>\n            <td>0833.67.7879<\/td>\n        <\/tr>\n        <tr>\n            <td>10<\/td>\n            <td>Ph\u00f2ng vi\u00eam gan B (li\u1ec1u tr\u1ebb em)<\/td>\n            <td>Gene-HBvax (0.5ml)<\/td>\n            <td>C\u00f4ng ty TNHH MTV V\u1eafc xin v\u00e0 Sinh ph\u1ea9m s\u1ed1 1 (VABIOTECH)<\/td>\n            <td>0833.67.7879<\/td>\n        <\/tr>\n        <tr>\n            <td>11<\/td>\n            <td>Ph\u00f2ng vi\u00eam gan B (li\u1ec1u ng\u01b0\u1eddi l\u1edbn)<\/td>\n            <td>Gene-HBvax (1ml)<\/td>\n            <td>C\u00f4ng ty TNHH MTV V\u1eafc xin v\u00e0 Sinh ph\u1ea9m s\u1ed1 1 (VABIOTECH)<\/td>\n            <td>0833.67.7879<\/td>\n        <\/tr>\n<tr>\n            <td>12<\/td>\n            <td>Ph\u00f2ng 6 b\u1ec7nh: B\u1ea1ch h\u1ea7u \u2013 Ho g\u00e0 \u2013 U\u1ed1n v\u00e1n \u2013 B\u1ea1i li\u1ec7t \u2013 Vi\u00eam gan B \u2013 Hib (vi\u00eam m\u00e0ng n\u00e3o m\u1ee7)<\/td>\n            <td>Hexaxim<\/td>\n            <td>Sanofi Pasteur (Ph\u00e1p)<\/td>\n            <td>0833.67.7879<\/td>\n        <\/tr>\n<tr>\n            <td>13<\/td>\n            <td>Ph\u00f2ng Vi\u00eam n\u00e3o Nh\u1eadt B\u1ea3n<\/td>\n            <td>IMOJEV<\/td>\n            <td>Sanofi Pasteur (Ph\u00e1p)<\/td>\n            <td>0833.67.7879<\/td>\n        <\/tr>\n<tr>\n            <td>14<\/td>\n            <td>Ph\u00f2ng 6 b\u1ec7nh: B\u1ea1ch h\u1ea7u \u2013 Ho g\u00e0 \u2013 U\u1ed1n v\u00e1n \u2013 B\u1ea1i li\u1ec7t \u2013 Vi\u00eam gan B \u2013 Hib<\/td>\n            <td>Infanrix Hexa<\/td>\n            <td>GSK<\/td>\n            <td>0833.67.7879<\/td>\n        <\/tr>\n<tr>\n            <td>15<\/td>\n            <td>Ph\u00f2ng C\u00fam m\u00f9a (4 ch\u1ee7ng virus c\u00fam)<\/td>\n            <td>Influvac Tetra<\/td>\n            <td>H\u00e0 Lan<\/td>\n            <td>0833.67.7879<\/td>\n        <\/tr>\n<tr>\n            <td>16<\/td>\n            <td>Ph\u00f2ng Vi\u00eam n\u00e3o Nh\u1eadt B\u1ea3n<\/td>\n            <td>JEEV 3mcg\/0.5ml<\/td>\n            <td>Biological E<\/td>\n            <td>0833.67.7879<\/td>\n        <\/tr>\n<tr>\n            <td>17<\/td>\n            <td>Ph\u00f2ng Vi\u00eam n\u00e3o Nh\u1eadt B\u1ea3n<\/td>\n            <td>JEEV 6mcg\/0.5ml<\/td>\n            <td>Biological E<\/td>\n            <td>0833.67.7879<\/td>\n        <\/tr>\n<tr>\n            <td>18<\/td>\n            <td>Ph\u00f2ng Vi\u00eam n\u00e3o Nh\u1eadt B\u1ea3n<\/td>\n            <td>Jevax (1ml)<\/td>\n            <td>Vabiotech<\/td>\n            <td>0833.67.7879<\/td>\n        <\/tr>\n<tr>\n            <td>19<\/td>\n            <td>Ph\u00f2ng Vi\u00eam m\u00e0ng n\u00e3o m\u00f4 c\u1ea7u nh\u00f3m A, C, Y, W-135<\/td>\n            <td>Menactra<\/td>\n            <td>Sanofi Pasteur<\/td>\n            <td>0833.67.7879<\/td>\n        <\/tr>\n<tr>\n            <td>20<\/td>\n            <td>Ph\u00f2ng Vi\u00eam m\u00e0ng n\u00e3o m\u00f4 c\u1ea7u nh\u00f3m A, C, Y, W-135<\/td>\n            <td>MENQUADFI<\/td>\n            <td>Sanofi Pasteur (USA)<\/td>\n            <td>0833.67.7879<\/td>\n        <\/tr>\n<tr>\n            <td>21<\/td>\n            <td>Ph\u00f2ng 3 b\u1ec7nh: S\u1edfi \u2013 Quai b\u1ecb \u2013 Rubella<\/td>\n            <td>MMR<\/td>\n            <td>Serum Institute of India<\/td>\n            <td>0833.67.7879<\/td>\n        <\/tr>\n<tr>\n            <td>22<\/td>\n            <td>Ph\u00f2ng vi\u00eam ph\u1ed5i, vi\u00eam m\u00e0ng n\u00e3o, nhi\u1ec5m khu\u1ea9n do ph\u1ebf c\u1ea7u<\/td>\n            <td>Synflorix<\/td>\n            <td>GSK (B\u1ec9)<\/td>\n            <td>0833.67.7879<\/td>\n        <\/tr>\n<tr>\n            <td>23<\/td>\n            <td>Ph\u00f2ng 4 b\u1ec7nh: B\u1ea1ch h\u1ea7u \u2013 Ho g\u00e0 \u2013 U\u1ed1n v\u00e1n \u2013 B\u1ea1i li\u1ec7t<\/td>\n            <td>Tetraxim<\/td>\n            <td>Sanofi Pasteur (Ph\u00e1p)<\/td>\n            <td>0833.67.7879<\/td>\n        <\/tr>\n<tr>\n            <td>24<\/td>\n            <td>Ph\u00f2ng Vi\u00eam gan A + Vi\u00eam gan B<\/td>\n            <td>Twinrix<\/td>\n            <td>GSK (B\u1ec9)<\/td>\n            <td>0833.67.7879<\/td>\n        <\/tr>\n<tr>\n            <td>25<\/td>\n            <td>Ph\u00f2ng Th\u01b0\u01a1ng h\u00e0n<\/td>\n            <td>Typhim Vi<\/td>\n            <td>Sanofi Pasteur (Ph\u00e1p)<\/td>\n            <td>0833.67.7879<\/td>\n        <\/tr>\n<tr>\n            <td>26<\/td>\n            <td>Ph\u00f2ng B\u1ea1ch h\u1ea7u \u2013 U\u1ed1n v\u00e1n<\/td>\n            <td>UV-BH (Td)<\/td>\n            <td>IVAC<\/td>\n            <td>0833.67.7879<\/td>\n        <\/tr>\n<tr>\n            <td>27<\/td>\n            <td>Ph\u00f2ng Vi\u00eam m\u00e0ng n\u00e3o m\u00f4 c\u1ea7u B v\u00e0 C<\/td>\n            <td>VA-MENGOC-BC<\/td>\n            <td>Cuba<\/td>\n            <td>0833.67.7879<\/td>\n        <\/tr>\n<tr>\n            <td>28<\/td>\n            <td>Ph\u00f2ng U\u1ed1n v\u00e1n<\/td>\n            <td>V\u1eafc xin u\u1ed1n v\u00e1n h\u1ea5p th\u1ee5 (TT)<\/td>\n            <td>IVAC<\/td>\n            <td>0833.67.7879<\/td>\n        <\/tr>\n<tr>\n            <td>29<\/td>\n            <td>Ph\u00f2ng C\u00fam m\u00f9a (4 ch\u1ee7ng)<\/td>\n            <td>Vaxigrip Tetra<\/td>\n            <td>Sanofi Pasteura<\/td>\n            <td>0833.67.7879<\/td>\n        <\/tr>\n<tr>\n            <td>30<\/td>\n            <td>Ph\u00f2ng b\u1ec7nh do ph\u1ebf c\u1ea7u khu\u1ea9n (vi\u00eam ph\u1ed5i, vi\u00eam m\u00e0ng n\u00e3o, nhi\u1ec5m tr\u00f9ng m\u00e1u)<\/td>\n            <td>Vaxneuvance<\/td>\n            <td>MSD<\/td>\n            <td>0833.67.7879<\/td>\n        <\/tr>\n\n    <\/tbody>\n<\/table>\n\n<\/section>\n\n\n","protected":false},"excerpt":{"rendered":"","protected":false},"author":1,"featured_media":0,"parent":0,"menu_order":0,"comment_status":"closed","ping_status":"closed","template":"","meta":{"footnotes":""},"class_list":["post-123","page","type-page","status-publish","hentry"],"_links":{"self":[{"href":"https:\/\/trungtamtiemchungvcdv.com\/index.php?rest_route=\/wp\/v2\/pages\/123","targetHints":{"allow":["GET"]}}],"collection":[{"href":"https:\/\/trungtamtiemchungvcdv.com\/index.php?rest_route=\/wp\/v2\/pages"}],"about":[{"href":"https:\/\/trungtamtiemchungvcdv.com\/index.php?rest_route=\/wp\/v2\/types\/page"}],"author":[{"embeddable":true,"href":"https:\/\/trungtamtiemchungvcdv.com\/index.php?rest_route=\/wp\/v2\/users\/1"}],"replies":[{"embeddable":true,"href":"https:\/\/trungtamtiemchungvcdv.com\/index.php?rest_route=%2Fwp%2Fv2%2Fcomments&post=123"}],"version-history":[{"count":8,"href":"https:\/\/trungtamtiemchungvcdv.com\/index.php?rest_route=\/wp\/v2\/pages\/123\/revisions"}],"predecessor-version":[{"id":206,"href":"https:\/\/trungtamtiemchungvcdv.com\/index.php?rest_route=\/wp\/v2\/pages\/123\/revisions\/206"}],"wp:attachment":[{"href":"https:\/\/trungtamtiemchungvcdv.com\/index.php?rest_route=%2Fwp%2Fv2%2Fmedia&parent=123"}],"curies":[{"name":"wp","href":"https:\/\/api.w.org\/{rel}","templated":true}]}}